{"id":3,"date":"2025-07-23T07:20:14","date_gmt":"2025-07-23T07:20:14","guid":{"rendered":"http:\/\/www.hbys.web.tr\/?page_id=3"},"modified":"2025-07-23T21:35:53","modified_gmt":"2025-07-23T21:35:53","slug":"privacy-policy","status":"publish","type":"page","link":"http:\/\/www.hbys.web.tr\/","title":{"rendered":"Ana Sayfa"},"content":{"rendered":"<div class=\"n2-section-smartslider fitvidsignore  n2_clear\" data-ssid=\"3\" tabindex=\"0\" role=\"region\" aria-label=\"Slider\"><div id=\"n2-ss-3-align\" class=\"n2-ss-align\"><div class=\"n2-padding\"><div id=\"n2-ss-3\" data-creator=\"Smart Slider 3\" data-responsive=\"auto\" class=\"n2-ss-slider n2-ow n2-has-hover n2notransition  \">\n\n\n\n\n\n<div class=\"n2-ss-slider-wrapper-outside\" style=\"grid-template-rows:1fr auto\"><div class=\"n2-ss-slider-wrapper-inside\">\n        <div class=\"n2-ss-slider-1 n2_ss__touch_element n2-ow\">\n            <div class=\"n2-ss-slider-2 n2-ow\">\n                                                    <div class=\"n2-ss-background-animation n2-ow\"><\/div>\n                                <div class=\"n2-ss-slider-3 n2-ow\">\n\n                    <div class=\"n2-ss-slide-backgrounds n2-ow-all\"><div class=\"n2-ss-slide-background\" data-public-id=\"1\" data-mode=\"fill\"><div class=\"n2-ss-slide-background-image\" data-blur=\"0\" data-opacity=\"100\" data-x=\"62\" data-y=\"50\" data-alt=\"\" data-title=\"\" style=\"--ss-o-pos-x:62%\"><picture class=\"skip-lazy\" data-skip-lazy=\"1\"><img decoding=\"async\" src=\"\/\/www.hbys.web.tr\/wp-content\/uploads\/slider\/cache\/0aef4be7d2ed508ba9f9a74718c22417\/banner4.jpg\" alt=\"\" title=\"\" loading=\"lazy\" class=\"skip-lazy\" data-skip-lazy=\"1\"><\/picture><\/div><div data-color=\"RGBA(255,255,255,0)\" style=\"background-color: RGBA(255,255,255,0);\" class=\"n2-ss-slide-background-color\"><\/div><\/div><div class=\"n2-ss-slide-background\" data-public-id=\"2\" data-mode=\"fill\" aria-hidden=\"true\"><div class=\"n2-ss-slide-background-image\" data-blur=\"0\" data-opacity=\"100\" data-x=\"45\" data-y=\"53\" data-alt=\"\" data-title=\"\" style=\"--ss-o-pos-x:45%;--ss-o-pos-y:53%\"><picture class=\"skip-lazy\" data-skip-lazy=\"1\"><img decoding=\"async\" src=\"\/\/www.hbys.web.tr\/wp-content\/uploads\/slider\/cache\/7177fbc8211bad8758de2b30f4bff39e\/banner1.jpg\" alt=\"\" title=\"\" loading=\"lazy\" class=\"skip-lazy\" data-skip-lazy=\"1\"><\/picture><\/div><div data-color=\"RGBA(255,255,255,0)\" style=\"background-color: RGBA(255,255,255,0);\" class=\"n2-ss-slide-background-color\"><\/div><\/div><div class=\"n2-ss-slide-background\" data-public-id=\"3\" data-mode=\"fill\" aria-hidden=\"true\"><div class=\"n2-ss-slide-background-image\" data-blur=\"0\" data-opacity=\"100\" data-x=\"48\" data-y=\"69\" data-alt=\"\" data-title=\"\" style=\"--ss-o-pos-x:48%;--ss-o-pos-y:69%\"><picture class=\"skip-lazy\" data-skip-lazy=\"1\"><img decoding=\"async\" src=\"\/\/www.hbys.web.tr\/wp-content\/uploads\/slider\/cache\/e4400db03c772f3bfc29bc8fbeeeef94\/banner2.jpg\" alt=\"\" title=\"\" loading=\"lazy\" class=\"skip-lazy\" data-skip-lazy=\"1\"><\/picture><\/div><div data-color=\"RGBA(255,255,255,0)\" style=\"background-color: RGBA(255,255,255,0);\" class=\"n2-ss-slide-background-color\"><\/div><\/div><div class=\"n2-ss-slide-background\" data-public-id=\"4\" data-mode=\"fill\" aria-hidden=\"true\"><div class=\"n2-ss-slide-background-image\" data-blur=\"0\" data-opacity=\"100\" data-x=\"49\" data-y=\"59\" data-alt=\"\" data-title=\"\" style=\"--ss-o-pos-x:49%;--ss-o-pos-y:59%\"><picture class=\"skip-lazy\" data-skip-lazy=\"1\"><img decoding=\"async\" src=\"\/\/www.hbys.web.tr\/wp-content\/uploads\/slider\/cache\/9a121f1f2eb746417b385e90f4e4887d\/banner3.jpg\" alt=\"\" title=\"\" loading=\"lazy\" class=\"skip-lazy\" data-skip-lazy=\"1\"><\/picture><\/div><div data-color=\"RGBA(255,255,255,0)\" style=\"background-color: RGBA(255,255,255,0);\" class=\"n2-ss-slide-background-color\" data-overlay=\"1\"><\/div><\/div><\/div>                    <div class=\"n2-ss-slider-4 n2-ow\">\n                        <svg xmlns=\"http:\/\/www.w3.org\/2000\/svg\" viewBox=\"0 0 1200 600\" data-related-device=\"desktopPortrait\" class=\"n2-ow n2-ss-preserve-size n2-ss-preserve-size--slider n2-ss-slide-limiter\"><\/svg><div data-first=\"1\" data-slide-duration=\"2\" data-id=\"8\" data-slide-public-id=\"1\" data-title=\"Thumbnail 1\" class=\"n2-ss-slide n2-ow  n2-ss-slide-8\"><div role=\"note\" class=\"n2-ss-slide--focus\" tabindex=\"-1\">Thumbnail 1<\/div><div class=\"n2-ss-layers-container n2-ss-slide-limiter n2-ow\"><div class=\"n2-ss-layer n2-ow n-uc-OYTdHl0J0zNE\" data-sstype=\"slide\" data-pm=\"default\"><div class=\"n2-ss-layer n2-ow n-uc-189880a4288c6\" data-pm=\"default\" data-sstype=\"content\" data-hasbackground=\"0\"><div class=\"n2-ss-section-main-content n2-ss-layer-with-background n2-ss-layer-content n2-ow n-uc-189880a4288c6-inner\"><div class=\"n2-ss-layer n2-ow n-uc-21Tlj0J2h99q\" data-pm=\"normal\" data-sstype=\"layer\"><div id=\"n2-ss-3item1\" class=\"n2-font-7237c3b627fa38a666a9413413e1e272-hover n2-style-d803666b1ebde81862607e40c2a4b451-heading   n2-ss-item-content n2-ss-text n2-ow\" style=\"display:block;\">Healthy Hastane ve Muayenehane Yaz\u0131l\u0131mlar\u0131<\/div><\/div><\/div><\/div><\/div><\/div><\/div><div data-slide-duration=\"0.1000000000000000055511151231257827021181583404541015625\" data-id=\"9\" data-slide-public-id=\"2\" aria-hidden=\"true\" data-title=\"H\u0131zl\u0131 ve Verimli\" class=\"n2-ss-slide n2-ow  n2-ss-slide-9\"><div role=\"note\" class=\"n2-ss-slide--focus\" tabindex=\"-1\">H\u0131zl\u0131 ve Verimli<\/div><div class=\"n2-ss-layers-container n2-ss-slide-limiter n2-ow\"><div class=\"n2-ss-layer n2-ow n-uc-8t7G7sylf4WU\" data-sstype=\"slide\" data-pm=\"default\"><\/div><\/div><\/div><div data-slide-duration=\"3\" data-id=\"10\" data-slide-public-id=\"3\" aria-hidden=\"true\" data-title=\"Medula Sistemi ile Uyumlu\" class=\"n2-ss-slide n2-ow  n2-ss-slide-10\"><div role=\"note\" class=\"n2-ss-slide--focus\" tabindex=\"-1\">Medula Sistemi ile Uyumlu<\/div><div class=\"n2-ss-layers-container n2-ss-slide-limiter n2-ow\"><div class=\"n2-ss-layer n2-ow n-uc-h8sEJ89ODf5e\" data-sstype=\"slide\" data-pm=\"default\"><\/div><\/div><\/div><div data-slide-duration=\"0\" data-id=\"11\" data-slide-public-id=\"4\" aria-hidden=\"true\" data-title=\"SGK Medula Sistemi \u0130le Uyumlu\" class=\"n2-ss-slide n2-ow  n2-ss-slide-11\"><div role=\"note\" class=\"n2-ss-slide--focus\" tabindex=\"-1\">SGK Medula Sistemi \u0130le Uyumlu<\/div><div class=\"n2-ss-layers-container n2-ss-slide-limiter n2-ow\"><div class=\"n2-ss-layer n2-ow n-uc-JyMvIPJaRfBX\" data-sstype=\"slide\" data-pm=\"default\"><div class=\"n2-ss-layer n2-ow n-uc-154df4ddf2d14\" data-pm=\"default\" data-sstype=\"content\" data-hasbackground=\"0\"><div class=\"n2-ss-section-main-content n2-ss-layer-with-background n2-ss-layer-content n2-ow n-uc-154df4ddf2d14-inner\"><div class=\"n2-ss-layer n2-ow n-uc-71F66pmNN72I\" data-pm=\"normal\" data-sstype=\"layer\"><div id=\"n2-ss-3item2\" class=\"n2-font-12e3910dd769d0fd307f8ac7fe017a8c-hover n2-style-84f5975f8a20ac2036961ee65d4ff01c-heading   n2-ss-item-content n2-ss-text n2-ow\" style=\"display:block;\">SGK Medula Sistemi ile Uyumlu<\/div><\/div><\/div><\/div><\/div><\/div><\/div>                    <\/div>\n\n                                    <\/div>\n            <\/div>\n        <\/div>\n        <div class=\"n2-ss-slider-controls n2-ss-slider-controls-absolute-left-center\"><div style=\"--widget-offset:15px;\" class=\"n2-ss-widget nextend-arrow n2-ow-all nextend-arrow-previous  nextend-arrow-animated-fade\" id=\"n2-ss-3-arrow-previous\" role=\"button\" aria-label=\"previous arrow\" tabindex=\"0\"><img loading=\"lazy\" decoding=\"async\" width=\"32\" height=\"32\" class=\"skip-lazy\" data-skip-lazy=\"1\" src=\"data:image\/svg+xml;base64,PHN2ZyB3aWR0aD0iMzIiIGhlaWdodD0iMzIiIHZpZXdCb3g9IjAgMCAzMiAzMiIgeG1sbnM9Imh0dHA6Ly93d3cudzMub3JnLzIwMDAvc3ZnIj4KICAgIDxwYXRoIGQ9Ik0xMS40MzMgMTUuOTkyTDIyLjY5IDUuNzEyYy4zOTMtLjM5LjM5My0xLjAzIDAtMS40Mi0uMzkzLS4zOS0xLjAzLS4zOS0xLjQyMyAwbC0xMS45OCAxMC45NGMtLjIxLjIxLS4zLjQ5LS4yODUuNzYtLjAxNS4yOC4wNzUuNTYuMjg0Ljc3bDExLjk4IDEwLjk0Yy4zOTMuMzkgMS4wMy4zOSAxLjQyNCAwIC4zOTMtLjQuMzkzLTEuMDMgMC0xLjQybC0xMS4yNTctMTAuMjkiCiAgICAgICAgICBmaWxsPSIjZmZmZmZmIiBvcGFjaXR5PSIwLjgiIGZpbGwtcnVsZT0iZXZlbm9kZCIvPgo8L3N2Zz4=\" alt=\"previous arrow\"><\/div><\/div><div class=\"n2-ss-slider-controls n2-ss-slider-controls-absolute-right-center\"><div style=\"--widget-offset:15px;\" class=\"n2-ss-widget nextend-arrow n2-ow-all nextend-arrow-next  nextend-arrow-animated-fade\" id=\"n2-ss-3-arrow-next\" role=\"button\" aria-label=\"next arrow\" tabindex=\"0\"><img loading=\"lazy\" decoding=\"async\" width=\"32\" height=\"32\" class=\"skip-lazy\" data-skip-lazy=\"1\" src=\"data:image\/svg+xml;base64,PHN2ZyB3aWR0aD0iMzIiIGhlaWdodD0iMzIiIHZpZXdCb3g9IjAgMCAzMiAzMiIgeG1sbnM9Imh0dHA6Ly93d3cudzMub3JnLzIwMDAvc3ZnIj4KICAgIDxwYXRoIGQ9Ik0xMC43MjIgNC4yOTNjLS4zOTQtLjM5LTEuMDMyLS4zOS0xLjQyNyAwLS4zOTMuMzktLjM5MyAxLjAzIDAgMS40MmwxMS4yODMgMTAuMjgtMTEuMjgzIDEwLjI5Yy0uMzkzLjM5LS4zOTMgMS4wMiAwIDEuNDIuMzk1LjM5IDEuMDMzLjM5IDEuNDI3IDBsMTIuMDA3LTEwLjk0Yy4yMS0uMjEuMy0uNDkuMjg0LS43Ny4wMTQtLjI3LS4wNzYtLjU1LS4yODYtLjc2TDEwLjcyIDQuMjkzeiIKICAgICAgICAgIGZpbGw9IiNmZmZmZmYiIG9wYWNpdHk9IjAuOCIgZmlsbC1ydWxlPSJldmVub2RkIi8+Cjwvc3ZnPg==\" alt=\"next arrow\"><\/div><\/div><\/div><div class=\"n2-ss-slider-controls n2-ss-slider-controls-below\"><div data-width-percent=\"100\" class=\"n2-ss-widget nextend-thumbnail nextend-thumbnail-default nextend-thumbnail-horizontal n2-ow-all\" style=\"width:100%;\" data-has-next=\"0\" data-has-previous=\"0\"><div class=\"nextend-thumbnail-inner n2-style-df32cb3742fdac43eb0251df7d67c185-simple \"><div class=\"nextend-thumbnail-scroller n2-align-content-start\" style=\"grid-template-rows:repeat(1, 1fr)\"><div class=\"n2-thumbnail-dot n2-style-67eb3c604afd812b9014e8165a592b43-dot \" data-slide-public-id=\"1\" role=\"button\" aria-label=\"Thumbnail 1\" tabindex=\"0\"><picture class=\"skip-lazy\" data-skip-lazy=\"1\"><img decoding=\"async\" alt=\"Thumbnail 1\" src=\"http:\/\/www.hbys.web.tr\/wp-content\/uploads\/slider\/cache\/6b43a4fee4e2f79dc8f73bf52a398d47\/banner4.jpg\" width=\"120\" height=\"80\" loading=\"lazy\" class=\"skip-lazy\" data-skip-lazy=\"1\" \/><\/picture><\/div><div class=\"n2-thumbnail-dot n2-style-67eb3c604afd812b9014e8165a592b43-dot \" data-slide-public-id=\"2\" role=\"button\" aria-label=\"H\u0131zl\u0131 ve Verimli\" tabindex=\"0\"><picture class=\"skip-lazy\" data-skip-lazy=\"1\"><img decoding=\"async\" alt=\"H\u0131zl\u0131 ve Verimli\" src=\"http:\/\/www.hbys.web.tr\/wp-content\/uploads\/slider\/cache\/fc939109e2702ec0bfedbcb28b1f77f6\/banner1.jpg\" width=\"120\" height=\"80\" loading=\"lazy\" class=\"skip-lazy\" data-skip-lazy=\"1\" \/><\/picture><\/div><div class=\"n2-thumbnail-dot n2-style-67eb3c604afd812b9014e8165a592b43-dot \" data-slide-public-id=\"3\" role=\"button\" aria-label=\"Medula Sistemi ile Uyumlu\" tabindex=\"0\"><picture class=\"skip-lazy\" data-skip-lazy=\"1\"><img decoding=\"async\" alt=\"Medula Sistemi ile Uyumlu\" src=\"http:\/\/www.hbys.web.tr\/wp-content\/uploads\/slider\/cache\/abb2e6b2d9a0c2e0857f7e52aa5cd9f4\/banner2.jpg\" width=\"120\" height=\"80\" loading=\"lazy\" class=\"skip-lazy\" data-skip-lazy=\"1\" \/><\/picture><\/div><div class=\"n2-thumbnail-dot n2-style-67eb3c604afd812b9014e8165a592b43-dot \" data-slide-public-id=\"4\" role=\"button\" aria-label=\"SGK Medula Sistemi \u0130le Uyumlu\" tabindex=\"0\"><picture class=\"skip-lazy\" data-skip-lazy=\"1\"><img decoding=\"async\" alt=\"SGK Medula Sistemi \u0130le Uyumlu\" src=\"http:\/\/www.hbys.web.tr\/wp-content\/uploads\/slider\/cache\/b06de198e65a77f1e1b3699d28a81a3c\/banner3.jpg\" width=\"120\" height=\"80\" loading=\"lazy\" class=\"skip-lazy\" data-skip-lazy=\"1\" \/><\/picture><\/div><\/div><\/div><div class=\"nextend-thumbnail-button nextend-thumbnail-previous\"><img decoding=\"async\" width=\"26\" height=\"26\" style=\"width:26px;transform:rotateZ(-90deg);\" loading=\"lazy\" class=\"skip-lazy\" data-skip-lazy=\"1\" src=\"data:image\/svg+xml;base64,PHN2ZyB3aWR0aD0iMjYiIGhlaWdodD0iMjYiIHhtbG5zPSJodHRwOi8vd3d3LnczLm9yZy8yMDAwL3N2ZyI+CiAgICA8ZyBmaWxsPSJub25lIiBmaWxsLXJ1bGU9ImV2ZW5vZGQiPgogICAgICAgIDxjaXJjbGUgc3Ryb2tlPSIjZmZmIiBzdHJva2Utd2lkdGg9IjIiIG9wYWNpdHk9Ii41IiBmaWxsPSIjMDAwIiBjeD0iMTMiIGN5PSIxMyIgcj0iMTIiLz4KICAgICAgICA8cGF0aCBkPSJNMTMuNDM1IDkuMTc4Yy0uMTI2LS4xMjEtLjI3LS4xODItLjQzNi0uMTgyLS4xNjQgMC0uMzA2LjA2MS0uNDI4LjE4MmwtNC4zOCA0LjE3NWMtLjEyNi4xMjEtLjE4OC4yNjItLjE4OC40MjQgMCAuMTYxLjA2Mi4zMDIuMTg4LjQyM2wuNjUuNjIyYy4xMjYuMTIxLjI3My4xODIuNDQxLjE4Mi4xNyAwIC4zMTQtLjA2MS40MzYtLjE4MmwzLjMxNC0zLjE2MSAzLjI0OSAzLjE2MWMuMTI2LjEyMS4yNjkuMTgyLjQzMi4xODIuMTY0IDAgLjMwNy0uMDYxLjQzMy0uMTgybC42NjItLjYyMmMuMTI2LS4xMjEuMTg5LS4yNjIuMTg5LS40MjMgMC0uMTYyLS4wNjMtLjMwMy0uMTg5LS40MjRsLTQuMzczLTQuMTc1eiIKICAgICAgICAgICAgICBmaWxsPSIjZmZmIi8+CiAgICA8L2c+Cjwvc3ZnPg==\" alt=\"previous arrow\"><\/div><div class=\"nextend-thumbnail-button nextend-thumbnail-next\"><img decoding=\"async\" width=\"26\" height=\"26\" style=\"width:26px;transform:rotateZ(-90deg);\" loading=\"lazy\" class=\"skip-lazy\" data-skip-lazy=\"1\" src=\"data:image\/svg+xml;base64,PHN2ZyB4bWxucz0iaHR0cDovL3d3dy53My5vcmcvMjAwMC9zdmciIHdpZHRoPSIyNiIgaGVpZ2h0PSIyNiI+CiAgICA8ZyBmaWxsPSJub25lIj4KICAgICAgICA8Y2lyY2xlIGN4PSIxMyIgY3k9IjEzIiByPSIxMiIgZmlsbD0iIzAwMCIgc3Ryb2tlPSIjZmZmIiBzdHJva2Utd2lkdGg9IjIiIG9wYWNpdHk9Ii41Ii8+CiAgICAgICAgPHBhdGggZmlsbD0iI2ZmZiIKICAgICAgICAgICAgICBkPSJNMTIuNTY1IDE2LjgyMmMuMTI2LjEyLjI3LjE4Mi40MzYuMTgyLjE2OCAwIC4zMS0uMDYuNDMtLjE4Mmw0LjM4LTQuMTc1Yy4xMjgtLjEyLjE5LS4yNjIuMTktLjQyNCAwLS4xNi0uMDYyLS4zMDItLjE5LS40MjNsLS42NS0uNjIyYy0uMTI1LS4xMi0uMjcyLS4xODItLjQ0LS4xODItLjE3IDAtLjMxNC4wNi0uNDM2LjE4MmwtMy4zMTQgMy4xNi0zLjI1LTMuMTZjLS4xMjYtLjEyLS4yNy0uMTgyLS40My0uMTgyLS4xNjYgMC0uMzEuMDYtLjQzNS4xODJsLS42NjIuNjIyYy0uMTI2LjEyLS4xOS4yNjItLjE5LjQyMyAwIC4xNjIuMDY0LjMwMy4xOS40MjRsNC4zNzMgNC4xNzV6Ii8+CiAgICA8L2c+Cjwvc3ZnPg==\" alt=\"next arrow\"><\/div><\/div><\/div><\/div><\/div><ss3-loader><\/ss3-loader><\/div><\/div><div class=\"n2_clear\"><\/div><\/div>\n\n\n<p><\/p>\n\n\n\n<h2 class=\"wp-block-heading\"><img loading=\"lazy\" decoding=\"async\" width=\"400\" height=\"279\" src=\"images\/stories\/cloud.png\" alt=\"Healthy OSGB Program\u0131, Muayenehane Hasta Kay\u0131t Yaz\u0131l\u0131m\u0131 Bulut (Cloud) Uyumlu\"><\/h2>\n\n\n\n<p><strong>Healthy Hastane, OSGB ve Muayenehane \u00fcr\u00fcnleri bulut (cloud) uyumlu&#8230;<\/strong><\/p>\n\n\n\n<p>Teknolojinin getirdi\u011fi yenilikleri m\u00fc\u015fterilerimize sunmaya devam ediyoruz. Bulut (Cloud) teknolojisi ile verilerinizi internet ortam\u0131nda saklayabilirsiniz.<\/p>\n\n\n\n<p>G\u00fcn\u00fcm\u00fczde kimi kurumlar verilerini saklamak i\u00e7in ayr\u0131 bir ana bilgisayar (server) bulundurma, 7\/24 a\u00e7\u0131k tutma, fiziki g\u00fcvenlik, bak\u0131m, tamir, fiziksel ortam sa\u011flama vs. zorluklardan ka\u00e7\u0131nmak i\u00e7in verilerini internet ortam\u0131nda tutmaya ba\u015flad\u0131 ve bu ak\u0131m\u0131n h\u0131zlanarak devam edece\u011fi \u00f6ng\u00f6r\u00fcl\u00fcyor.<\/p>\n\n\n\n<p>Verilerini internet ortam\u0131nda tutmak isteyenler i\u00e7in<strong> Healthy&#8217;nin t\u00fcm \u00fcr\u00fcnleri cloud sistemleri ile tam uyumludur. <\/strong>Muayenehane, T\u0131p Merkezi, Hastane veya OSGB (Ortak Sa\u011fl\u0131k G\u00fcvenlik Birimi) grubundaki t\u00fcm m\u00fc\u015fterilerimiz istedikleri zaman bulut ortam\u0131na ge\u00e7i\u015f yapabilirler.<\/p>\n\n\n\n<p>Microsoft Azure ve Amazon cloud sistemlerinde veya bulut teknolojisi sunan di\u011fer firmalarda bilgilerinizi \u015fifreli ve g\u00fcvenli olarak bar\u0131nd\u0131rabilirsiniz.<\/p>\n\n\n\n<p>B\u00f6ylece bilgileriniz istedi\u011finiz anda eri\u015fiminize a\u00e7\u0131k olacakt\u0131r.<\/p>\n\n\n\n<p><\/p>\n\n\n\n<p><strong>Gizlilik Politikas\u0131 ve G\u00fcvenli \u0130letim<\/strong><\/p>\n\n\n\n<p>Uygulamadaki hasta verileri hekimin bilgileri girmesi yoluyla toplanmakta ve ve sistemde zaten kurulu olan ana bilgisayara kaydedilmektedir. Cep telefonu \/ Tablet gibi yaz\u0131l\u0131m\u0131n \u00e7al\u0131\u015ft\u0131\u011f\u0131 cihazda bilgi tutulmamaktad\u0131r. Veriler hekim taraf\u0131ndan girilmektedir. Girilen hi\u00e7 bir veri yaz\u0131l\u0131mc\u0131 taraf\u0131ndan ba\u015fka kullan\u0131c\u0131lar ile payla\u015f\u0131lmamaktad\u0131r.<\/p>\n\n\n\n<p>Girilen veriler yaz\u0131l\u0131m\u0131 kullanan\u0131n ana bilgisayar\u0131ndan ba\u015fka herhangi bir yere g\u00f6nderilmemektedir.<\/p>\n\n\n\n<p>Program i\u00e7erisinde kullan\u0131c\u0131 (hekim) ile ilgili veri toplanmamaktad\u0131r.<\/p>\n","protected":false},"excerpt":{"rendered":"<p>Healthy Hastane, OSGB ve Muayenehane \u00fcr\u00fcnleri bulut (cloud) uyumlu&#8230; Teknolojinin getirdi\u011fi yenilikleri m\u00fc\u015fterilerimize sunmaya devam ediyoruz. Bulut (Cloud) teknolojisi ile verilerinizi internet ortam\u0131nda saklayabilirsiniz. G\u00fcn\u00fcm\u00fczde kimi kurumlar verilerini saklamak i\u00e7in ayr\u0131 bir ana bilgisayar (server) bulundurma, 7\/24 a\u00e7\u0131k tutma, fiziki g\u00fcvenlik, bak\u0131m, tamir, fiziksel ortam sa\u011flama vs. zorluklardan ka\u00e7\u0131nmak i\u00e7in verilerini internet ortam\u0131nda tutmaya ba\u015flad\u0131 [&hellip;]<\/p>\n","protected":false},"author":1,"featured_media":0,"parent":0,"menu_order":0,"comment_status":"closed","ping_status":"open","template":"","meta":{"footnotes":""},"class_list":["post-3","page","type-page","status-publish","hentry"],"_links":{"self":[{"href":"http:\/\/www.hbys.web.tr\/index.php?rest_route=\/wp\/v2\/pages\/3","targetHints":{"allow":["GET"]}}],"collection":[{"href":"http:\/\/www.hbys.web.tr\/index.php?rest_route=\/wp\/v2\/pages"}],"about":[{"href":"http:\/\/www.hbys.web.tr\/index.php?rest_route=\/wp\/v2\/types\/page"}],"author":[{"embeddable":true,"href":"http:\/\/www.hbys.web.tr\/index.php?rest_route=\/wp\/v2\/users\/1"}],"replies":[{"embeddable":true,"href":"http:\/\/www.hbys.web.tr\/index.php?rest_route=%2Fwp%2Fv2%2Fcomments&post=3"}],"version-history":[{"count":5,"href":"http:\/\/www.hbys.web.tr\/index.php?rest_route=\/wp\/v2\/pages\/3\/revisions"}],"predecessor-version":[{"id":77,"href":"http:\/\/www.hbys.web.tr\/index.php?rest_route=\/wp\/v2\/pages\/3\/revisions\/77"}],"wp:attachment":[{"href":"http:\/\/www.hbys.web.tr\/index.php?rest_route=%2Fwp%2Fv2%2Fmedia&parent=3"}],"curies":[{"name":"wp","href":"https:\/\/api.w.org\/{rel}","templated":true}]}}