{"id":22,"date":"2025-07-23T18:34:20","date_gmt":"2025-07-23T18:34:20","guid":{"rendered":"http:\/\/www.hbys.web.tr\/?page_id=22"},"modified":"2025-07-23T20:00:00","modified_gmt":"2025-07-23T20:00:00","slug":"osgb-ile-ilgili-kanun-yonetmelik-ve-tuzukler","status":"publish","type":"page","link":"http:\/\/www.hbys.web.tr\/?page_id=22","title":{"rendered":"OSGB \u0130le \u0130lgili Kanun Y\u00f6netmelik ve T\u00fcz\u00fckler"},"content":{"rendered":"\n<p><strong>6331 Say\u0131l\u0131 \u0130\u015f Sa\u011fl\u0131\u011f\u0131 ve G\u00fcvenli\u011fi Kanunu<\/strong>&nbsp;ile \u0130\u015f Sa\u011fl\u0131\u011f\u0131 ve G\u00fcvenli\u011fi ile ilgili t\u00fcm&nbsp;<strong>Y\u00f6netmelik<\/strong>,&nbsp;<strong>T\u00fcz\u00fck, Tebli\u011flere<\/strong>&nbsp;bu sayfadan ula\u015fabilirsiniz. Ayr\u0131ca altta \u00c7al\u0131\u015fma ve Sosyal G\u00fcvenli Bakanl\u0131\u011f\u0131 ile \u0130SGGM, \u0130SG\u00dcM birimlerinin haz\u0131rlad\u0131\u011f\u0131 konu ile ilgili di\u011fer d\u00f6k\u00fcmanlara ba\u011flant\u0131lar bulunmaktad\u0131r.<\/p>\n\n\n\n<p><strong>KANUNLAR<\/strong><\/p>\n\n\n\n<ul class=\"wp-block-list\">\n<li><a href=\"http:\/\/www.mevzuat.gov.tr\/Metin.Aspx?MevzuatKod=1.5.6331&amp;MevzuatIliski=0&amp;sourceXmlSearch=\" target=\"_blank\" rel=\"noreferrer noopener\">6331 Say\u0131l\u0131 \u0130\u015f Sa\u011fl\u0131\u011f\u0131 ve G\u00fcvenli\u011fi Kanunu<\/a><\/li>\n<\/ul>\n\n\n\n<p><strong>Y\u00d6NETMEL\u0130KLER<\/strong><\/p>\n\n\n\n<ul class=\"wp-block-list\">\n<li><a href=\"http:\/\/www.csgb.gov.tr\/csgbPortal\/ShowProperty\/WLP%20Repository\/isggm\/dosyalar\/Asbestle.Calis.Sag.ve.Guv.Onl.Hak.Yon\" target=\"_blank\" rel=\"noreferrer noopener\">Asbestle \u00c7al\u0131\u015fmalarda Sa\u011fl\u0131k ve G\u00fcvenlik \u00d6nlemleri Hakk\u0131nda Y\u00f6netmelik<\/a><\/li>\n\n\n\n<li><a href=\"http:\/\/www.csgb.gov.tr\/csgbPortal\/ShowProperty\/WLP%20Repository\/isggm\/dosyalar\/askeri_isyerleri_yon\" target=\"_blank\" rel=\"noreferrer noopener\">Asker\u00ee \u0130\u015fyerleri ile Yurt G\u00fcvenli\u011fi i\u00e7in Gerekli Maddeler \u00dcretilen \u0130\u015fyerlerinin Denetimi, Tefti\u015fi ve Bu \u0130\u015fyerlerinde \u0130\u015fin Durdurulmas\u0131 Hakk\u0131nda Y\u00f6netmelik<\/a><\/li>\n\n\n\n<li><a href=\"http:\/\/www.csgb.gov.tr\/csgbPortal\/ShowProperty\/WLP%20Repository\/isggm\/dosyalar\/Balikci.Gemileri.Yap.Sag.ve%20Guv.On.Yon\" target=\"_blank\" rel=\"noreferrer noopener\">Bal\u0131k\u00e7\u0131 Gemilerinde Yap\u0131lan \u00c7al\u0131\u015fmalarda Sa\u011fl\u0131k ve G\u00fcvenlik \u00d6nlemleri Hakk\u0131nda Y\u00f6netmelik<\/a><\/li>\n\n\n\n<li><a href=\"http:\/\/www.resmigazete.gov.tr\/eskiler\/2013\/06\/20130615-3.htm\" target=\"_blank\" rel=\"noreferrer noopener\">Biyolojik Etkenlere Maruziyet Risklerinin \u00d6nlenmesi Hakk\u0131nda Y\u00f6netmelik<\/a><\/li>\n\n\n\n<li><a href=\"http:\/\/www.resmigazete.gov.tr\/eskiler\/2013\/12\/20131230M1-1.htm\" target=\"_blank\" rel=\"noreferrer noopener\">B\u00fcy\u00fck End\u00fcstriyel Kazalar\u0131n \u00d6nlenmesi ve Etkilerinin Azalt\u0131lmas\u0131 Hakk\u0131nda Y\u00f6netmelik<\/a><\/li>\n\n\n\n<li><a href=\"http:\/\/www.resmigazete.gov.tr\/eskiler\/2013\/04\/20130416-5.htm\" target=\"_blank\" rel=\"noreferrer noopener\">Ekranl\u0131 Ara\u00e7larla \u00c7al\u0131\u015fmalarda Sa\u011fl\u0131k ve G\u00fcvenlik \u00d6nlemleri Hakk\u0131nda Y\u00f6netmelik<\/a><\/li>\n\n\n\n<li><a href=\"http:\/\/www.resmigazete.gov.tr\/eskiler\/2013\/07\/20130724-24.htm\" target=\"_blank\" rel=\"noreferrer noopener\">Elle Ta\u015f\u0131ma \u0130\u015fleri Y\u00f6netmeli\u011fi<\/a><\/li>\n\n\n\n<li><a href=\"http:\/\/www.csgb.gov.tr\/csgbPortal\/ShowProperty\/WLP%20Repository\/isggm\/dosyalar\/gebe_emziren_kadin_yon\" target=\"_blank\" rel=\"noreferrer noopener\">Gebe veya Emziren Kad\u0131nlar\u0131n \u00c7al\u0131\u015ft\u0131r\u0131lma \u015eartlar\u0131yla Emzirme Odalar\u0131 ve \u00c7ocuk Bak\u0131m Yurtlar\u0131na Dair Y\u00f6netmelik<\/a><\/li>\n\n\n\n<li><a href=\"http:\/\/www.mevzuat.gov.tr\/Metin.Aspx?MevzuatKod=7.5.6227&amp;MevzuatIliski=0&amp;sourceXmlSearch=\" target=\"_blank\" rel=\"noreferrer noopener\">Gemi Adamlar\u0131n\u0131n \u0130kamet Yerleri, Sa\u011fl\u0131k ve \u0130a\u015felerine Dair Y\u00f6netmelik<\/a><\/li>\n\n\n\n<li><a href=\"http:\/\/www.csgb.gov.tr\/csgbPortal\/ShowProperty\/WLP%20Repository\/isggm\/dosyalar\/GeciciveBelir.Sur.isl.ISGHak.Yon\" target=\"_blank\" rel=\"noreferrer noopener\">Ge\u00e7ici veya Belirli S\u00fcreli \u0130\u015flerde \u0130\u015f Sa\u011fl\u0131\u011f\u0131 ve G\u00fcvenli\u011fi Hakk\u0131nda Y\u00f6netmelik<\/a><\/li>\n\n\n\n<li><a href=\"http:\/\/www.resmigazete.gov.tr\/eskiler\/2013\/07\/20130724-25.htm\" target=\"_blank\" rel=\"noreferrer noopener\">Kad\u0131n \u00c7al\u0131\u015fanlar\u0131n Gece Postalar\u0131nda \u00c7al\u0131\u015ft\u0131r\u0131lma Ko\u015fullar\u0131 Hakk\u0131nda Y\u00f6netmelik<\/a><\/li>\n\n\n\n<li><a href=\"http:\/\/www.resmigazete.gov.tr\/eskiler\/2013\/08\/20130806-4.htm\" target=\"_blank\" rel=\"noreferrer noopener\">Kanserojen veya Mutajen Maddelerle \u00c7al\u0131\u015fmalarda Sa\u011fl\u0131k ve G\u00fcvenlik \u00d6nlemleri Hakk\u0131nda Y\u00f6netmelik<\/a><\/li>\n\n\n\n<li><a href=\"http:\/\/www.resmigazete.gov.tr\/eskiler\/2013\/08\/20130812-1.htm\" target=\"_blank\" rel=\"noreferrer noopener\">Kimyasal Maddelerle \u00c7al\u0131\u015fmalarda Sa\u011fl\u0131k ve G\u00fcvenlik \u00d6nlemleri Hakk\u0131nda Y\u00f6netmelik<\/a><\/li>\n\n\n\n<li><a href=\"http:\/\/www.resmigazete.gov.tr\/eskiler\/2013\/07\/20130702-2.htm\" target=\"_blank\" rel=\"noreferrer noopener\">Ki\u015fisel Koruyucu Donan\u0131mlar\u0131n \u0130\u015fyerlerinde Kullan\u0131lmas\u0131 Hakk\u0131nda Y\u00f6netmelik<\/a><\/li>\n\n\n\n<li><a href=\"http:\/\/www.csgb.gov.tr\/csgbPortal\/ShowProperty\/WLP%20Repository\/isggm\/dosyalar\/MadenIsyerlerindeISGYon\" target=\"_blank\" rel=\"noreferrer noopener\">Maden \u0130\u015fyerlerinde \u0130\u015f Sa\u011fl\u0131\u011f\u0131 ve G\u00fcvenli\u011fi Y\u00f6netmeli\u011fi<\/a><\/li>\n\n\n\n<li><a href=\"http:\/\/www.resmigazete.gov.tr\/eskiler\/2013\/07\/20130716-2.htm\" target=\"_blank\" rel=\"noreferrer noopener\">Sa\u011fl\u0131k Kurallar\u0131 Bak\u0131m\u0131ndan G\u00fcnde Azami Yedi Bu\u00e7uk Saat veya Daha Az \u00c7al\u0131\u015f\u0131lmas\u0131 Gereken \u0130\u015fler Hakk\u0131nda Y\u00f6netmelik<\/a><\/li>\n\n\n\n<li><a href=\"http:\/\/www.resmigazete.gov.tr\/eskiler\/2013\/09\/20130911-6.htm\" target=\"_blank\" rel=\"noreferrer noopener\">Sa\u011fl\u0131k ve G\u00fcvenlik \u0130\u015faretleri Y\u00f6netmeli\u011fi<\/a><\/li>\n\n\n\n<li><a href=\"http:\/\/www.csgb.gov.tr\/csgbPortal\/ShowProperty\/WLP%20Repository\/isggm\/dosyalar\/teh_cok_teh_mesleki_egitim_yonetmelik\" target=\"_blank\" rel=\"noreferrer noopener\">Tehlikeli ve \u00c7ok Tehlikeli S\u0131n\u0131fta Yer Alan \u0130\u015flerde \u00c7al\u0131\u015ft\u0131r\u0131lacaklar\u0131n Mesleki E\u011fitimlerine Dair Y\u00f6netmelik<\/a><\/li>\n\n\n\n<li><a href=\"http:\/\/www.csgb.gov.tr\/csgbPortal\/ShowProperty\/WLP%20Repository\/isggm\/dosyalar\/tozla_mucadele_tum\" target=\"_blank\" rel=\"noreferrer noopener\">Tozla M\u00fccadele Y\u00f6netmeli\u011fi<\/a><\/li>\n\n\n\n<li><a href=\"http:\/\/www.resmigazete.gov.tr\/eskiler\/2013\/02\/20130205-3.htm\" target=\"_blank\" rel=\"noreferrer noopener\">Ulusal \u0130\u015f Sa\u011fl\u0131\u011f\u0131 ve G\u00fcvenli\u011fi Konseyi Y\u00f6netmeli\u011fi<\/a><\/li>\n\n\n\n<li><a href=\"http:\/\/www.csgb.gov.tr\/csgbPortal\/ShowProperty\/WLP%20Repository\/isggm\/dosyalar\/yapi_isleri_yonetmelik\" target=\"_blank\" rel=\"noreferrer noopener\">Yap\u0131 \u0130\u015flerinde \u0130\u015f Sa\u011fl\u0131\u011f\u0131 ve G\u00fcvenli\u011fi Y\u00f6netmeli\u011fi<\/a><\/li>\n\n\n\n<li><a href=\"http:\/\/www.resmigazete.gov.tr\/eskiler\/2013\/07\/20130728-11.htm\" target=\"_blank\" rel=\"noreferrer noopener\">\u00c7al\u0131\u015fanlar\u0131n G\u00fcr\u00fclt\u00fc ile \u0130lgili Risklerden Korunmalar\u0131na Dair Y\u00f6netmelik<\/a><\/li>\n\n\n\n<li><a href=\"http:\/\/www.resmigazete.gov.tr\/eskiler\/2013\/04\/20130430-6.htm\" target=\"_blank\" rel=\"noreferrer noopener\">\u00c7al\u0131\u015fanlar\u0131n Patlay\u0131c\u0131 Ortamlar\u0131n Tehlikelerinden Korunmas\u0131 Hakk\u0131nda Y\u00f6netmelik<\/a><\/li>\n\n\n\n<li><a href=\"http:\/\/www.csgb.gov.tr\/csgbPortal\/ShowProperty\/WLP%20Repository\/isggm\/dosyalar\/TitresimRisk.Kor.DairYon\" target=\"_blank\" rel=\"noreferrer noopener\">\u00c7al\u0131\u015fanlar\u0131n Titre\u015fimle \u0130lgili Risklerden Korunmalar\u0131na Dair Y\u00f6netmelik<\/a><\/li>\n\n\n\n<li><a href=\"http:\/\/www.resmigazete.gov.tr\/eskiler\/2013\/05\/20130515-1.htm\" target=\"_blank\" rel=\"noreferrer noopener\">\u00c7al\u0131\u015fanlar\u0131n \u0130\u015f Sa\u011fl\u0131\u011f\u0131 ve G\u00fcvenli\u011fi E\u011fitimlerinin Usul ve Esaslar\u0131 Hakk\u0131nda Y\u00f6netmelik<\/a><\/li>\n\n\n\n<li><a href=\"http:\/\/www.csgb.gov.tr\/csgbPortal\/ShowProperty\/WLP%20Repository\/isggm\/dosyalar\/cocuk_genc\" target=\"_blank\" rel=\"noreferrer noopener\">\u00c7ocuk ve Gen\u00e7 \u0130\u015f\u00e7ilerin \u00c7al\u0131\u015ft\u0131r\u0131lma Usul ve Esaslar\u0131 Hakk\u0131nda Y\u00f6netmelik<\/a><\/li>\n\n\n\n<li><a href=\"http:\/\/www.csgb.gov.tr\/csgbPortal\/ShowProperty\/WLP%20Repository\/isggm\/dosyalar\/is_ekipmanlarinin_kullanimi\" target=\"_blank\" rel=\"noreferrer noopener\">\u0130\u015f Ekipmanlar\u0131n\u0131n Kullan\u0131m\u0131nda Sa\u011fl\u0131k ve G\u00fcvenlik \u015eartlar\u0131 Y\u00f6netmeli\u011fi<\/a><\/li>\n\n\n\n<li><a href=\"http:\/\/www.csgb.gov.tr\/csgbPortal\/ShowProperty\/WLP%20Repository\/isggm\/dosyalar\/igu_yonetmelik\" target=\"_blank\" rel=\"noreferrer noopener\">\u0130\u015f G\u00fcvenli\u011fi Uzmanlar\u0131n\u0131n G\u00f6rev, Yetki ve Sorumluluk ve E\u011fitimleri Hakk\u0131nda Y\u00f6netmelik<\/a><\/li>\n\n\n\n<li><a href=\"http:\/\/www.csgb.gov.tr\/csgbPortal\/ShowProperty\/WLP%20Repository\/isggm\/dosyalar\/isHijyeniOlc.TestLab.Yon\" target=\"_blank\" rel=\"noreferrer noopener\">\u0130\u015f Hijyeni \u00d6l\u00e7\u00fcm, Test ve Analizi Yapan Laboratuvarlar Hakk\u0131nda Y\u00f6netmelik<\/a><\/li>\n\n\n\n<li><a href=\"http:\/\/www.csgb.gov.tr\/csgbPortal\/ShowProperty\/WLP%20Repository\/isggm\/dosyalar\/isg_hizmetleri_yonetmeligi\" target=\"_blank\" rel=\"noreferrer noopener\">\u0130\u015f Sa\u011fl\u0131\u011f\u0131 ve G\u00fcvenli\u011fi Hizmetleri Y\u00f6netmeli\u011fi<\/a><\/li>\n\n\n\n<li><a href=\"http:\/\/www.resmigazete.gov.tr\/eskiler\/2013\/12\/20131224-3.htm\" target=\"_blank\" rel=\"noreferrer noopener\">\u0130\u015f Sa\u011fl\u0131\u011f\u0131 ve G\u00fcvenli\u011fi Hizmetlerinin Desteklenmesi Hakk\u0131nda Y\u00f6netmelik<\/a><\/li>\n\n\n\n<li><a href=\"http:\/\/www.resmigazete.gov.tr\/eskiler\/2013\/01\/20130118-3.htm\" target=\"_blank\" rel=\"noreferrer noopener\">\u0130\u015f Sa\u011fl\u0131\u011f\u0131 ve G\u00fcvenli\u011fi Kurullar\u0131 Hakk\u0131nda Y\u00f6netmelik<\/a><\/li>\n\n\n\n<li><a href=\"http:\/\/www.resmigazete.gov.tr\/eskiler\/2012\/12\/20121229-13.htm\" target=\"_blank\" rel=\"noreferrer noopener\">\u0130\u015f Sa\u011fl\u0131\u011f\u0131 ve G\u00fcvenli\u011fi Risk De\u011ferlendirmesi Y\u00f6netmeli\u011fi<\/a><\/li>\n\n\n\n<li><a href=\"http:\/\/www.resmigazete.gov.tr\/eskiler\/2013\/07\/20130717-2.htm\" target=\"_blank\" rel=\"noreferrer noopener\">\u0130\u015fyeri Bina ve Eklentilerinde Al\u0131nacak Sa\u011fl\u0131k ve G\u00fcvenlik \u00d6nlemlerine \u0130li\u015fkin Y\u00f6netmelik<\/a><\/li>\n\n\n\n<li><a href=\"http:\/\/www.resmigazete.gov.tr\/eskiler\/2013\/07\/20130720-10.htm\" target=\"_blank\" rel=\"noreferrer noopener\">\u0130\u015fyeri Hekimi ve Di\u011fer Sa\u011fl\u0131k Personelinin G\u00f6rev, Yetki, Sorumluluk ve E\u011fitimleri Hakk\u0131nda Y\u00f6netmelik<\/a><\/li>\n\n\n\n<li><a href=\"http:\/\/www.resmigazete.gov.tr\/eskiler\/2013\/06\/20130618-8.htm\" target=\"_blank\" rel=\"noreferrer noopener\">\u0130\u015fyerlerinde Acil Durumlar Hakk\u0131nda Y\u00f6netmelik<\/a><\/li>\n\n\n\n<li><a href=\"http:\/\/www.resmigazete.gov.tr\/eskiler\/2013\/03\/20130330-5.htm\" target=\"_blank\" rel=\"noreferrer noopener\">\u0130\u015fyerlerinde \u0130\u015fin Durdurulmas\u0131na Dair Y\u00f6netmelik\u00a0<\/a><\/li>\n<\/ul>\n\n\n\n<p><strong>TEBL\u0130\u011eLER<\/strong><\/p>\n\n\n\n<ul class=\"wp-block-list\">\n<li><a href=\"http:\/\/www.csgb.gov.tr\/csgbPortal\/ShowProperty\/WLP%20Repository\/isggm\/dosyalar\/isyeri_tehlike_siniflari_tebligi\" target=\"_blank\" rel=\"noreferrer noopener\">\u0130\u015f Sa\u011fl\u0131\u011f\u0131 ve G\u00fcvenli\u011fine \u0130li\u015fkin \u0130\u015fyeri Tehlike S\u0131n\u0131flar\u0131 Tebli\u011fi<\/a><\/li>\n\n\n\n<li><a href=\"http:\/\/www.resmigazete.gov.tr\/eskiler\/2013\/06\/20130629-2.htm\" target=\"_blank\" rel=\"noreferrer noopener\">Asbest S\u00f6k\u00fcm\u00fc \u0130le \u0130lgili E\u011fitim Programlar\u0131na \u0130li\u015fkin Tebli\u011f<\/a><\/li>\n\n\n\n<li><a href=\"http:\/\/www.resmigazete.gov.tr\/eskiler\/2013\/08\/20130815-8.htm\" target=\"_blank\" rel=\"noreferrer noopener\">Ki\u015fisel Koruyucu Donan\u0131mlar Teknik Komitesinin Olu\u015fumu ve G\u00f6revlerine Dair Tebli\u011f<\/a><\/li>\n\n\n\n<li><a href=\"http:\/\/www.resmigazete.gov.tr\/eskiler\/2013\/08\/20130829-5.htm\" target=\"_blank\" rel=\"noreferrer noopener\">\u0130\u015f Sa\u011fl\u0131\u011f\u0131 ve G\u00fcvenli\u011fi \u0130le \u0130lgili \u00c7al\u0131\u015fan Temsilcisinin Nitelikleri ve Se\u00e7ilme Usul ve Esaslar\u0131na \u0130li\u015fkin Tebli\u011f<\/a><\/li>\n\n\n\n<li><a href=\"http:\/\/www.resmigazete.gov.tr\/eskiler\/2013\/08\/20130815-8.htm\" target=\"_blank\" rel=\"noreferrer noopener\">Ki\u015fisel Koruyucu Donan\u0131mlar Teknik Komitesinin Olu\u015fumu ve G\u00f6revlerine Dair Tebli\u011f<\/a><\/li>\n\n\n\n<li><a href=\"http:\/\/www.resmigazete.gov.tr\/eskiler\/2012\/12\/20121230M2-21.htm\" target=\"_blank\" rel=\"noreferrer noopener\">Ki\u015fisel Koruyucu Donan\u0131mlar\u0131n \u0130thalat Denetimi Tebli\u011fi (\u00dcr\u00fcn G\u00fcvenli\u011fi ve Denetimi: 2013\/11)<\/a><\/li>\n\n\n\n<li><a href=\"http:\/\/www.resmigazete.gov.tr\/eskiler\/2012\/07\/20120725-4.htm\" target=\"_blank\" rel=\"noreferrer noopener\">Ki\u015fisel Koruyucu Donan\u0131mlarla \u0130lgili Uyumla\u015ft\u0131r\u0131lm\u0131\u015f Ulusal Standartlara Dair Tebli\u011f<\/a><\/li>\n\n\n\n<li><a href=\"http:\/\/www.resmigazete.gov.tr\/eskiler\/2012\/03\/20120311-6.htm\" target=\"_blank\" rel=\"noreferrer noopener\">Ki\u015fisel Koruyucu Donan\u0131mlar\u0131n Kategorizasyon Rehberine Dair Tebli\u011f<\/a><\/li>\n\n\n\n<li><a href=\"http:\/\/www.resmigazete.gov.tr\/eskiler\/2011\/04\/20110422-14.htm\" target=\"_blank\" rel=\"noreferrer noopener\">Ki\u015fisel Koruyucu Donan\u0131mlar\u0131n \u0130thalat Denetimlerinin D\u0131\u015f Ticaret Veri Sistemi \u00dczerinden Yap\u0131lmas\u0131na Dair D\u0131\u015f Ticarette Standardizasyon Tebli\u011fi (No: 2011\/39)<\/a><\/li>\n\n\n\n<li><a href=\"http:\/\/www.resmigazete.gov.tr\/eskiler\/2010\/12\/20101225-11.htm\" target=\"_blank\" rel=\"noreferrer noopener\">Baz\u0131 Ki\u015fisel Koruyucu Donan\u0131mlar\u0131n \u0130thalat Denetimlerinin D\u0131\u015f Ticaret Veri Sistemi \u00dczerinden Yap\u0131lmas\u0131na Dair D\u0131\u015f Ticarette Standardizasyon Tebli\u011fi (No: 2010\/43)<\/a><\/li>\n\n\n\n<li><a href=\"http:\/\/www.resmigazete.gov.tr\/eskiler\/2010\/01\/20100130-28.htm\" target=\"_blank\" rel=\"noreferrer noopener\">Ki\u015fisel Koruyucu Donan\u0131mlar\u0131n \u0130thalat Denetimlerine Dair D\u0131\u015f Ticarette Standardizasyon Tebli\u011finde De\u011fi\u015fiklik Yap\u0131lmasi Hakk\u0131nda Tebli\u011f (No: 2010\/26)<\/a><\/li>\n\n\n\n<li><a href=\"http:\/\/www.resmigazete.gov.tr\/eskiler\/2010\/01\/20100107-8.htm\" target=\"_blank\" rel=\"noreferrer noopener\">Ki\u015fisel Koruyucu Donan\u0131m Y\u00f6netmeli\u011fi Kapsam\u0131nda Sistem Belgelendirme Konusunda Onaylanm\u0131\u015f Kurulu\u015f Olarak T\u00fcrk Standartlar\u0131 Enstit\u00fcs\u00fcn\u00fcn G\u00f6revlendirilmesine Dair Tebli\u011f<\/a><\/li>\n\n\n\n<li><a href=\"http:\/\/www.resmigazete.gov.tr\/eskiler\/2009\/09\/20090903-23.htm\" target=\"_blank\" rel=\"noreferrer noopener\">Universal Sertifikasyon ve G\u00f6zetim Hizmetleri Tic.Ltd.\u015eti.nin Ki\u015fisel Koruyucu Donan\u0131m Y\u00f6netmeli\u011fi Kapsam\u0131nda Onaylanm\u0131\u015f Kurulu\u015f Olarak G\u00f6revlendirilmesine Dair Tebli\u011f<\/a><\/li>\n\n\n\n<li><a href=\"http:\/\/www.resmigazete.gov.tr\/eskiler\/2009\/08\/20090812-13.htm\" target=\"_blank\" rel=\"noreferrer noopener\">T\u00fcrk Standartlar\u0131 Enstit\u00fcs\u00fcn\u00fcn Ki\u015fisel Koruyucu Donan\u0131m Y\u00f6netmeli\u011fi Kapsam\u0131nda Bulunan Ayak ve Bacak Koruyucular\u0131 Konusunda Onaylanm\u0131\u015f Kurulu\u015f Olarak G\u00f6revlendirilmesine Dair Tebli\u011f<\/a><\/li>\n\n\n\n<li><a href=\"http:\/\/www.resmigazete.gov.tr\/eskiler\/2007\/04\/20070406-15.htm\" target=\"_blank\" rel=\"noreferrer noopener\">Ki\u015fisel Koruyucu Donan\u0131mlarla \u0130lgili Uyumla\u015ft\u0131r\u0131lm\u0131\u015f Ulusal Standartlara Dair Tebli\u011f<\/a><\/li>\n\n\n\n<li><a href=\"http:\/\/www.resmigazete.gov.tr\/eskiler\/2006\/12\/20061229-29.htm\" target=\"_blank\" rel=\"noreferrer noopener\">Ki\u015fisel Koruyucu Donan\u0131mlar\u0131n \u0130thalat Denetimlerini D\u00fczenleyen D\u0131\u015f Ticarette Standardizasyon Tebli\u011fi (No: 2007\/11)<\/a><\/li>\n\n\n\n<li><a href=\"http:\/\/www.resmigazete.gov.tr\/eskiler\/2004\/12\/20041228.htm#6\" target=\"_blank\" rel=\"noreferrer noopener\">Ki\u015fisel Koruyucu Donan\u0131mlarla \u0130lgili Onaylanm\u0131\u015f Kurulu\u015flar\u0131n G\u00f6revlendirilmesine Dair Tebli\u011f<\/a><\/li>\n\n\n\n<li><a href=\"http:\/\/www.resmigazete.gov.tr\/eskiler\/2004\/05\/20040504.htm#24\" target=\"_blank\" rel=\"noreferrer noopener\">Ki\u015fisel Koruyucu Donan\u0131mlarla \u0130lgili Uyumla\u015ft\u0131r\u0131lm\u0131\u015f Ulusal Standartlara Dair Tebli\u011f<\/a><\/li>\n\n\n\n<li><a href=\"http:\/\/www.resmigazete.gov.tr\/eskiler\/2004\/05\/20040504.htm#25\" target=\"_blank\" rel=\"noreferrer noopener\">Ki\u015fisel Koruyucu Donan\u0131mlar\u0131n Kategorizasyon Rehberine Dair Tebli\u011f<\/a><\/li>\n\n\n\n<li><a href=\"http:\/\/www.csgb.gov.tr\/csgbPortal\/ShowProperty\/WLP%20Repository\/isggm\/dosyalar\/idariparacezalari\" target=\"_blank\" rel=\"noreferrer noopener\">6331 Say\u0131l\u0131 \u0130SG Kanunu&#8217;ndaki \u0130dari Para Cezalar\u0131<\/a><\/li>\n\n\n\n<li><a href=\"http:\/\/www.csgb.gov.tr\/csgbPortal\/ShowProperty\/WLP%20Repository\/isggm\/dosyalar\/iasebedelleri\" target=\"_blank\" rel=\"noreferrer noopener\">Y\u0131llara G\u00f6re Gemi Adamlar\u0131 \u0130a\u015fe Bedeli Tablosu<\/a><\/li>\n\n\n\n<li><a href=\"http:\/\/www.csgb.gov.tr\/csgbPortal\/ShowProperty\/WLP%20Repository\/isggm\/dosyalar\/toz.muc.tebligi\" target=\"_blank\" rel=\"noreferrer noopener\">Tozla M\u00fccadele ile \u0130lgili Uygulamalara \u0130li\u015fkin Tebli\u011f<\/a><\/li>\n<\/ul>\n\n\n\n<p><strong>T\u00dcZ\u00dcKLER<\/strong><\/p>\n\n\n\n<ul class=\"wp-block-list\">\n<li><a href=\"http:\/\/mevzuat.basbakanlik.gov.tr\/Metin.Aspx?MevzuatKod=2.5.848428&amp;MevzuatIliski=0&amp;sourceXmlSearch=\" target=\"_blank\" rel=\"noreferrer noopener\">Maden ve Ta\u015f Ocaklar\u0131 \u0130\u015fletmelerinde ve T\u00fcnel Yap\u0131m\u0131nda Al\u0131nacak \u0130\u015f\u00e7i Sa\u011fl\u0131\u011f\u0131 ve G\u00fcvenli\u011fi \u00d6nlemlerine \u0130li\u015fkin T\u00fcz\u00fck<\/a><\/li>\n\n\n\n<li><a href=\"http:\/\/mevzuat.basbakanlik.gov.tr\/Metin.Aspx?MevzuatKod=2.5.77551&amp;MevzuatIliski=0&amp;sourceXmlSearch=\">Parlay\u0131c\u0131, Patlay\u0131c\u0131, Tehlikeli ve Zararl\u0131 Maddelerle \u00c7al\u0131\u015f\u0131lan \u0130\u015fyerlerinde ve \u0130\u015flerde Al\u0131nacak Tedbirler Hakk\u0131nda T\u00fcz\u00fck<\/a><\/li>\n\n\n\n<li><a href=\"http:\/\/mevzuat.basbakanlik.gov.tr\/Metin.Aspx?MevzuatKod=2.5.78602&amp;MevzuatIliski=0&amp;sourceXmlSearch=\">Yap\u0131 \u0130\u015flerinde \u0130\u015f\u00e7i Sa\u011fl\u0131\u011f\u0131 ve \u0130\u015f G\u00fcvenli\u011fi T\u00fcz\u00fc\u011f\u00fc<\/a><\/li>\n\n\n\n<li><a href=\"http:\/\/mevzuat.basbakanlik.gov.tr\/Metin.Aspx?MevzuatKod=2.5.77583&amp;MevzuatIliski=0&amp;sourceXmlSearch=\" target=\"_blank\" rel=\"noreferrer noopener\">\u0130\u015f\u00e7i Sa\u011fl\u0131\u011f\u0131 ve \u0130\u015f G\u00fcvenli\u011fi T\u00fcz\u00fc\u011f\u00fc<\/a><\/li>\n<\/ul>\n","protected":false},"excerpt":{"rendered":"<p>6331 Say\u0131l\u0131 \u0130\u015f Sa\u011fl\u0131\u011f\u0131 ve G\u00fcvenli\u011fi Kanunu&nbsp;ile \u0130\u015f Sa\u011fl\u0131\u011f\u0131 ve G\u00fcvenli\u011fi ile ilgili t\u00fcm&nbsp;Y\u00f6netmelik,&nbsp;T\u00fcz\u00fck, Tebli\u011flere&nbsp;bu sayfadan ula\u015fabilirsiniz. Ayr\u0131ca altta \u00c7al\u0131\u015fma ve Sosyal G\u00fcvenli Bakanl\u0131\u011f\u0131 ile \u0130SGGM, \u0130SG\u00dcM birimlerinin haz\u0131rlad\u0131\u011f\u0131 konu ile ilgili di\u011fer d\u00f6k\u00fcmanlara ba\u011flant\u0131lar bulunmaktad\u0131r. KANUNLAR Y\u00d6NETMEL\u0130KLER TEBL\u0130\u011eLER T\u00dcZ\u00dcKLER<\/p>\n","protected":false},"author":1,"featured_media":0,"parent":0,"menu_order":3,"comment_status":"closed","ping_status":"closed","template":"","meta":{"footnotes":""},"class_list":["post-22","page","type-page","status-publish","hentry"],"_links":{"self":[{"href":"http:\/\/www.hbys.web.tr\/index.php?rest_route=\/wp\/v2\/pages\/22","targetHints":{"allow":["GET"]}}],"collection":[{"href":"http:\/\/www.hbys.web.tr\/index.php?rest_route=\/wp\/v2\/pages"}],"about":[{"href":"http:\/\/www.hbys.web.tr\/index.php?rest_route=\/wp\/v2\/types\/page"}],"author":[{"embeddable":true,"href":"http:\/\/www.hbys.web.tr\/index.php?rest_route=\/wp\/v2\/users\/1"}],"replies":[{"embeddable":true,"href":"http:\/\/www.hbys.web.tr\/index.php?rest_route=%2Fwp%2Fv2%2Fcomments&post=22"}],"version-history":[{"count":1,"href":"http:\/\/www.hbys.web.tr\/index.php?rest_route=\/wp\/v2\/pages\/22\/revisions"}],"predecessor-version":[{"id":23,"href":"http:\/\/www.hbys.web.tr\/index.php?rest_route=\/wp\/v2\/pages\/22\/revisions\/23"}],"wp:attachment":[{"href":"http:\/\/www.hbys.web.tr\/index.php?rest_route=%2Fwp%2Fv2%2Fmedia&parent=22"}],"curies":[{"name":"wp","href":"https:\/\/api.w.org\/{rel}","templated":true}]}}